{"id":31097,"date":"2021-02-10T23:56:47","date_gmt":"2021-02-11T07:56:47","guid":{"rendered":"https:\/\/www.harbourfrontwealth.com\/bareme-des-frais\/"},"modified":"2025-11-18T10:39:33","modified_gmt":"2025-11-18T18:39:33","slug":"bareme-des-frais","status":"publish","type":"page","link":"https:\/\/www.harbourfrontwealth.com\/fr-ca\/bareme-des-frais\/","title":{"rendered":"Bar\u00e8me des frais"},"content":{"rendered":"\t\t<div data-elementor-type=\"wp-page\" data-elementor-id=\"31097\" class=\"elementor elementor-31097 elementor-14890\" data-elementor-post-type=\"page\">\n\t\t\t\t\t\t<section class=\"elementor-section elementor-top-section elementor-element elementor-element-6d1235b0 elementor-section-stretched elementor-section-boxed elementor-section-height-default elementor-section-height-default\" data-id=\"6d1235b0\" data-element_type=\"section\" data-settings=\"{&quot;stretch_section&quot;:&quot;section-stretched&quot;,&quot;background_background&quot;:&quot;slideshow&quot;,&quot;background_slideshow_gallery&quot;:[{&quot;id&quot;:29517,&quot;url&quot;:&quot;https:\\\/\\\/www.harbourfrontwealth.com\\\/wp-content\\\/uploads\\\/2023\\\/08\\\/FeeSchedule.jpg&quot;}],&quot;background_slideshow_loop&quot;:&quot;yes&quot;,&quot;background_slideshow_slide_duration&quot;:5000,&quot;background_slideshow_slide_transition&quot;:&quot;fade&quot;,&quot;background_slideshow_transition_duration&quot;:500}\">\n\t\t\t\t\t\t\t<div class=\"elementor-background-overlay\"><\/div>\n\t\t\t\t\t\t\t<div class=\"elementor-container elementor-column-gap-default\">\n\t\t\t\t\t<div class=\"elementor-column elementor-col-100 elementor-top-column elementor-element elementor-element-3117cd9c\" data-id=\"3117cd9c\" data-element_type=\"column\">\n\t\t\t<div class=\"elementor-widget-wrap elementor-element-populated\">\n\t\t\t\t\t\t<div class=\"elementor-element elementor-element-4d9422d7 elementor-widget elementor-widget-spacer\" data-id=\"4d9422d7\" data-element_type=\"widget\" data-widget_type=\"spacer.default\">\n\t\t\t\t<div class=\"elementor-widget-container\">\n\t\t\t\t\t\t\t<div class=\"elementor-spacer\">\n\t\t\t<div class=\"elementor-spacer-inner\"><\/div>\n\t\t<\/div>\n\t\t\t\t\t\t<\/div>\n\t\t\t\t<\/div>\n\t\t\t\t<div class=\"elementor-element elementor-element-5575307 elementor-widget elementor-widget-pix-sliding-text\" data-id=\"5575307\" data-element_type=\"widget\" data-widget_type=\"pix-sliding-text.default\">\n\t\t\t\t<div class=\"elementor-widget-container\">\n\t\t\t\t\t<div id=\"el-5575307\" class=\"mb-3 text-left \"><div class=\"d-inline-block\" style=\"max-width:800px;\"><h3 class=\"mb-32 pix-sliding-headline-2 animate-in font-weight-bold secondary-font \" data-anim-type=\"pix-sliding-text\" pix-anim-delay=\"500\" data-class=\"secondary-font text-white\" style=\"\"><span class=\"slide-in-container \"><span class=\"pix-sliding-item secondary-font text-white\" style=\"transition-delay: 0ms;\">Bar\u00e8me&#32;<\/span><\/span> <span class=\"slide-in-container \"><span class=\"pix-sliding-item secondary-font text-white\" style=\"transition-delay: 150ms;\">des&#32;<\/span><\/span> <span class=\"slide-in-container \"><span class=\"pix-sliding-item secondary-font text-white\" style=\"transition-delay: 300ms;\">frais&#32;<\/span><\/span> <\/h3><\/div><\/div>\t\t\t\t<\/div>\n\t\t\t\t<\/div>\n\t\t\t\t\t<\/div>\n\t\t<\/div>\n\t\t\t\t\t<\/div>\n\t\t<\/section>\n\t\t\t\t<section class=\"elementor-section elementor-top-section elementor-element elementor-element-1603de01 elementor-section-boxed elementor-section-height-default elementor-section-height-default\" data-id=\"1603de01\" data-element_type=\"section\">\n\t\t\t\t\t\t<div class=\"elementor-container elementor-column-gap-default\">\n\t\t\t\t\t<div class=\"elementor-column elementor-col-100 elementor-top-column elementor-element elementor-element-4febb15\" data-id=\"4febb15\" data-element_type=\"column\">\n\t\t\t<div class=\"elementor-widget-wrap elementor-element-populated\">\n\t\t\t\t\t\t<div class=\"elementor-element elementor-element-773b15bb elementor-widget elementor-widget-text-editor\" data-id=\"773b15bb\" data-element_type=\"widget\" data-widget_type=\"text-editor.default\">\n\t\t\t\t<div class=\"elementor-widget-container\">\n\t\t\t\t\t\t\t\t\t<p style=\"text-align: left;\">Cliquez ci-dessous pour voir notre bar\u00e8me de frais.<\/p>\n\t\t\t\t\t\t\t\t<\/div>\n\t\t\t\t<\/div>\n\t\t\t\t<div class=\"elementor-element elementor-element-51eb4d07 elementor-align-left elementor-widget elementor-widget-button\" data-id=\"51eb4d07\" data-element_type=\"widget\" data-widget_type=\"button.default\">\n\t\t\t\t<div class=\"elementor-widget-container\">\n\t\t\t\t\t\t\t\t\t<div class=\"elementor-button-wrapper\">\n\t\t\t\t\t<a class=\"elementor-button elementor-button-link elementor-size-sm\" href=\"https:\/\/www.harbourfrontwealth.com\/wp-content\/uploads\/2025\/11\/Harbourfront-Wealth-Management-Administration-Fee-Schedule_FR.pdf\">\n\t\t\t\t\t\t<span class=\"elementor-button-content-wrapper\">\n\t\t\t\t\t\t\t\t\t<span class=\"elementor-button-text\">Bar\u00e8me des frais de patrimoine Harbourfront<\/span>\n\t\t\t\t\t<\/span>\n\t\t\t\t\t<\/a>\n\t\t\t\t<\/div>\n\t\t\t\t\t\t\t\t<\/div>\n\t\t\t\t<\/div>\n\t\t\t\t\t<\/div>\n\t\t<\/div>\n\t\t\t\t\t<\/div>\n\t\t<\/section>\n\t\t\t\t<\/div>\n\t\t","protected":false},"excerpt":{"rendered":"<p>Bar\u00e8me&#32; des&#32; frais&#32; Cliquez ci-dessous pour voir notre bar\u00e8me de frais. Bar\u00e8me des frais de patrimoine Harbourfront<\/p>\n","protected":false},"author":2,"featured_media":0,"parent":0,"menu_order":0,"comment_status":"closed","ping_status":"closed","template":"elementor_header_footer","meta":{"footnotes":""},"class_list":["post-31097","page","type-page","status-publish","hentry"],"yoast_head":"<!-- This site is optimized with the Yoast SEO plugin v26.5 - https:\/\/yoast.com\/wordpress\/plugins\/seo\/ -->\n<title>Bar\u00e8me des frais - Harbourfront Wealth Management<\/title>\n<meta name=\"robots\" content=\"index, follow, max-snippet:-1, max-image-preview:large, max-video-preview:-1\" \/>\n<link rel=\"canonical\" href=\"https:\/\/www.harbourfrontwealth.com\/fr-ca\/bareme-des-frais\/\" \/>\n<meta property=\"og:locale\" content=\"fr_CA\" \/>\n<meta property=\"og:type\" content=\"article\" \/>\n<meta property=\"og:title\" content=\"Bar\u00e8me des frais - Harbourfront Wealth Management\" \/>\n<meta property=\"og:description\" content=\"Bar\u00e8me&#032; des&#032; frais&#032; Cliquez ci-dessous pour voir notre bar\u00e8me de frais. Bar\u00e8me des frais de patrimoine Harbourfront\" \/>\n<meta property=\"og:url\" content=\"https:\/\/www.harbourfrontwealth.com\/fr-ca\/bareme-des-frais\/\" \/>\n<meta property=\"og:site_name\" content=\"Harbourfront Wealth Management\" \/>\n<meta property=\"article:modified_time\" content=\"2025-11-18T18:39:33+00:00\" \/>\n<meta name=\"twitter:card\" content=\"summary_large_image\" \/>\n<meta name=\"twitter:label1\" content=\"Estimation du temps de lecture\" \/>\n\t<meta name=\"twitter:data1\" content=\"1 minute\" \/>\n<script type=\"application\/ld+json\" class=\"yoast-schema-graph\">{\"@context\":\"https:\/\/schema.org\",\"@graph\":[{\"@type\":\"WebPage\",\"@id\":\"https:\/\/www.harbourfrontwealth.com\/fr-ca\/bareme-des-frais\/\",\"url\":\"https:\/\/www.harbourfrontwealth.com\/fr-ca\/bareme-des-frais\/\",\"name\":\"Bar\u00e8me des frais - Harbourfront Wealth Management\",\"isPartOf\":{\"@id\":\"https:\/\/www.harbourfrontwealth.com\/fr-ca\/#website\"},\"datePublished\":\"2021-02-11T07:56:47+00:00\",\"dateModified\":\"2025-11-18T18:39:33+00:00\",\"breadcrumb\":{\"@id\":\"https:\/\/www.harbourfrontwealth.com\/fr-ca\/bareme-des-frais\/#breadcrumb\"},\"inLanguage\":\"fr-CA\",\"potentialAction\":[{\"@type\":\"ReadAction\",\"target\":[\"https:\/\/www.harbourfrontwealth.com\/fr-ca\/bareme-des-frais\/\"]}]},{\"@type\":\"BreadcrumbList\",\"@id\":\"https:\/\/www.harbourfrontwealth.com\/fr-ca\/bareme-des-frais\/#breadcrumb\",\"itemListElement\":[{\"@type\":\"ListItem\",\"position\":1,\"name\":\"Accueil\",\"item\":\"https:\/\/www.harbourfrontwealth.com\/fr-ca\/\"},{\"@type\":\"ListItem\",\"position\":2,\"name\":\"Bar\u00e8me des frais\"}]},{\"@type\":\"WebSite\",\"@id\":\"https:\/\/www.harbourfrontwealth.com\/fr-ca\/#website\",\"url\":\"https:\/\/www.harbourfrontwealth.com\/fr-ca\/\",\"name\":\"Harbourfront Wealth Management\",\"description\":\"Complexit\u00e9 simplifi\u00e9e\",\"publisher\":{\"@id\":\"https:\/\/www.harbourfrontwealth.com\/fr-ca\/#organization\"},\"potentialAction\":[{\"@type\":\"SearchAction\",\"target\":{\"@type\":\"EntryPoint\",\"urlTemplate\":\"https:\/\/www.harbourfrontwealth.com\/fr-ca\/?s={search_term_string}\"},\"query-input\":{\"@type\":\"PropertyValueSpecification\",\"valueRequired\":true,\"valueName\":\"search_term_string\"}}],\"inLanguage\":\"fr-CA\"},{\"@type\":\"Organization\",\"@id\":\"https:\/\/www.harbourfrontwealth.com\/fr-ca\/#organization\",\"name\":\"Harbourfront Wealth Management\",\"url\":\"https:\/\/www.harbourfrontwealth.com\/fr-ca\/\",\"logo\":{\"@type\":\"ImageObject\",\"inLanguage\":\"fr-CA\",\"@id\":\"https:\/\/www.harbourfrontwealth.com\/fr-ca\/#\/schema\/logo\/image\/\",\"url\":\"https:\/\/www.harbourfrontwealth.com\/wp-content\/uploads\/2021\/04\/5-Star-Brokerage-5.png\",\"contentUrl\":\"https:\/\/www.harbourfrontwealth.com\/wp-content\/uploads\/2021\/04\/5-Star-Brokerage-5.png\",\"width\":69,\"height\":76,\"caption\":\"Harbourfront Wealth Management\"},\"image\":{\"@id\":\"https:\/\/www.harbourfrontwealth.com\/fr-ca\/#\/schema\/logo\/image\/\"}}]}<\/script>\n<!-- \/ Yoast SEO plugin. -->","yoast_head_json":{"title":"Bar\u00e8me des frais - Harbourfront Wealth Management","robots":{"index":"index","follow":"follow","max-snippet":"max-snippet:-1","max-image-preview":"max-image-preview:large","max-video-preview":"max-video-preview:-1"},"canonical":"https:\/\/www.harbourfrontwealth.com\/fr-ca\/bareme-des-frais\/","og_locale":"fr_CA","og_type":"article","og_title":"Bar\u00e8me des frais - Harbourfront Wealth Management","og_description":"Bar\u00e8me&#32; des&#32; frais&#32; Cliquez ci-dessous pour voir notre bar\u00e8me de frais. Bar\u00e8me des frais de patrimoine Harbourfront","og_url":"https:\/\/www.harbourfrontwealth.com\/fr-ca\/bareme-des-frais\/","og_site_name":"Harbourfront Wealth Management","article_modified_time":"2025-11-18T18:39:33+00:00","twitter_card":"summary_large_image","twitter_misc":{"Estimation du temps de lecture":"1 minute"},"schema":{"@context":"https:\/\/schema.org","@graph":[{"@type":"WebPage","@id":"https:\/\/www.harbourfrontwealth.com\/fr-ca\/bareme-des-frais\/","url":"https:\/\/www.harbourfrontwealth.com\/fr-ca\/bareme-des-frais\/","name":"Bar\u00e8me des frais - Harbourfront Wealth Management","isPartOf":{"@id":"https:\/\/www.harbourfrontwealth.com\/fr-ca\/#website"},"datePublished":"2021-02-11T07:56:47+00:00","dateModified":"2025-11-18T18:39:33+00:00","breadcrumb":{"@id":"https:\/\/www.harbourfrontwealth.com\/fr-ca\/bareme-des-frais\/#breadcrumb"},"inLanguage":"fr-CA","potentialAction":[{"@type":"ReadAction","target":["https:\/\/www.harbourfrontwealth.com\/fr-ca\/bareme-des-frais\/"]}]},{"@type":"BreadcrumbList","@id":"https:\/\/www.harbourfrontwealth.com\/fr-ca\/bareme-des-frais\/#breadcrumb","itemListElement":[{"@type":"ListItem","position":1,"name":"Accueil","item":"https:\/\/www.harbourfrontwealth.com\/fr-ca\/"},{"@type":"ListItem","position":2,"name":"Bar\u00e8me des frais"}]},{"@type":"WebSite","@id":"https:\/\/www.harbourfrontwealth.com\/fr-ca\/#website","url":"https:\/\/www.harbourfrontwealth.com\/fr-ca\/","name":"Harbourfront Wealth Management","description":"Complexit\u00e9 simplifi\u00e9e","publisher":{"@id":"https:\/\/www.harbourfrontwealth.com\/fr-ca\/#organization"},"potentialAction":[{"@type":"SearchAction","target":{"@type":"EntryPoint","urlTemplate":"https:\/\/www.harbourfrontwealth.com\/fr-ca\/?s={search_term_string}"},"query-input":{"@type":"PropertyValueSpecification","valueRequired":true,"valueName":"search_term_string"}}],"inLanguage":"fr-CA"},{"@type":"Organization","@id":"https:\/\/www.harbourfrontwealth.com\/fr-ca\/#organization","name":"Harbourfront Wealth Management","url":"https:\/\/www.harbourfrontwealth.com\/fr-ca\/","logo":{"@type":"ImageObject","inLanguage":"fr-CA","@id":"https:\/\/www.harbourfrontwealth.com\/fr-ca\/#\/schema\/logo\/image\/","url":"https:\/\/www.harbourfrontwealth.com\/wp-content\/uploads\/2021\/04\/5-Star-Brokerage-5.png","contentUrl":"https:\/\/www.harbourfrontwealth.com\/wp-content\/uploads\/2021\/04\/5-Star-Brokerage-5.png","width":69,"height":76,"caption":"Harbourfront Wealth Management"},"image":{"@id":"https:\/\/www.harbourfrontwealth.com\/fr-ca\/#\/schema\/logo\/image\/"}}]}},"_links":{"self":[{"href":"https:\/\/www.harbourfrontwealth.com\/fr-ca\/wp-json\/wp\/v2\/pages\/31097","targetHints":{"allow":["GET"]}}],"collection":[{"href":"https:\/\/www.harbourfrontwealth.com\/fr-ca\/wp-json\/wp\/v2\/pages"}],"about":[{"href":"https:\/\/www.harbourfrontwealth.com\/fr-ca\/wp-json\/wp\/v2\/types\/page"}],"author":[{"embeddable":true,"href":"https:\/\/www.harbourfrontwealth.com\/fr-ca\/wp-json\/wp\/v2\/users\/2"}],"replies":[{"embeddable":true,"href":"https:\/\/www.harbourfrontwealth.com\/fr-ca\/wp-json\/wp\/v2\/comments?post=31097"}],"version-history":[{"count":0,"href":"https:\/\/www.harbourfrontwealth.com\/fr-ca\/wp-json\/wp\/v2\/pages\/31097\/revisions"}],"wp:attachment":[{"href":"https:\/\/www.harbourfrontwealth.com\/fr-ca\/wp-json\/wp\/v2\/media?parent=31097"}],"curies":[{"name":"wp","href":"https:\/\/api.w.org\/{rel}","templated":true}]}}