{"id":31038,"date":"2023-09-08T12:40:24","date_gmt":"2023-09-08T19:40:24","guid":{"rendered":"https:\/\/www.harbourfrontwealth.com\/bureau-multifamiliale\/"},"modified":"2023-10-23T16:26:41","modified_gmt":"2023-10-23T23:26:41","slug":"bureau-multifamiliale","status":"publish","type":"page","link":"https:\/\/www.harbourfrontwealth.com\/fr-ca\/bureau-multifamiliale\/","title":{"rendered":"Bureau multifamiliale"},"content":{"rendered":"\t\t<div data-elementor-type=\"wp-page\" data-elementor-id=\"31038\" class=\"elementor elementor-31038 elementor-29545\" data-elementor-post-type=\"page\">\n\t\t\t\t\t\t<section class=\"elementor-section elementor-top-section elementor-element elementor-element-22c6dd0 elementor-section-stretched elementor-section-boxed elementor-section-height-default elementor-section-height-default\" data-id=\"22c6dd0\" data-element_type=\"section\" data-settings=\"{&quot;stretch_section&quot;:&quot;section-stretched&quot;,&quot;background_background&quot;:&quot;slideshow&quot;,&quot;background_slideshow_gallery&quot;:[{&quot;id&quot;:29547,&quot;url&quot;:&quot;https:\\\/\\\/www.harbourfrontwealth.com\\\/wp-content\\\/uploads\\\/2023\\\/09\\\/MultiFamilyOffice.png&quot;}],&quot;background_slideshow_slide_duration&quot;:0,&quot;background_slideshow_loop&quot;:&quot;yes&quot;,&quot;background_slideshow_slide_transition&quot;:&quot;fade&quot;,&quot;background_slideshow_transition_duration&quot;:500}\">\n\t\t\t\t\t\t\t<div class=\"elementor-background-overlay\"><\/div>\n\t\t\t\t\t\t\t<div class=\"elementor-container elementor-column-gap-default\">\n\t\t\t\t\t<div class=\"elementor-column elementor-col-100 elementor-top-column elementor-element elementor-element-9bb17fe\" data-id=\"9bb17fe\" data-element_type=\"column\">\n\t\t\t<div class=\"elementor-widget-wrap elementor-element-populated\">\n\t\t\t\t\t\t<div class=\"elementor-element elementor-element-a53dc03 elementor-widget elementor-widget-pix-badge\" data-id=\"a53dc03\" data-element_type=\"widget\" data-widget_type=\"pix-badge.default\">\n\t\t\t\t<div class=\"elementor-widget-container\">\n\t\t\t\t\t<span class=\"pix-badge-element h6 d-inline-flex mr-1 \"  ><span class=\"badge font-weight-bold   \" style=\"background:; \"><span class=\"text-white\" style=\"\">DES SOLUTIONS INT\u00c9GR\u00c9ES POUR NOS FAMILLES LES PLUS PROSP\u00c8RES<\/span><\/span><\/span>\t\t\t\t<\/div>\n\t\t\t\t<\/div>\n\t\t\t\t<div class=\"elementor-element elementor-element-33f9841 elementor-widget elementor-widget-pix-sliding-text\" data-id=\"33f9841\" data-element_type=\"widget\" data-widget_type=\"pix-sliding-text.default\">\n\t\t\t\t<div class=\"elementor-widget-container\">\n\t\t\t\t\t<div id=\"el-33f9841\" class=\"mb-3 text-left \"><div class=\"d-inline-block\" style=\"max-width:800px;\"><h3 class=\"mb-32 pix-sliding-headline-2 animate-in font-weight-bold secondary-font \" data-anim-type=\"pix-sliding-text\" pix-anim-delay=\"500\" data-class=\"secondary-font text-white\" style=\"\"><span class=\"slide-in-container \"><span class=\"pix-sliding-item secondary-font text-white\" style=\"transition-delay: 0ms;\">Bureau&#32;<\/span><\/span> <span class=\"slide-in-container \"><span class=\"pix-sliding-item secondary-font text-white\" style=\"transition-delay: 150ms;\">multifamiliale&#32;<\/span><\/span> <\/h3><\/div><\/div>\t\t\t\t<\/div>\n\t\t\t\t<\/div>\n\t\t\t\t\t<\/div>\n\t\t<\/div>\n\t\t\t\t\t<\/div>\n\t\t<\/section>\n\t\t\t\t<section class=\"elementor-section elementor-top-section elementor-element elementor-element-7ea24f9c elementor-section-stretched flex-column-reverse flex-sm-row elementor-reverse-mobile elementor-section-boxed elementor-section-height-default elementor-section-height-default\" data-id=\"7ea24f9c\" data-element_type=\"section\" data-settings=\"{&quot;stretch_section&quot;:&quot;section-stretched&quot;,&quot;background_background&quot;:&quot;classic&quot;,&quot;shape_divider_bottom&quot;:&quot;waves&quot;}\">\n\t\t\t\t\t<div class=\"elementor-shape elementor-shape-bottom\" aria-hidden=\"true\" data-negative=\"false\">\n\t\t\t<svg xmlns=\"http:\/\/www.w3.org\/2000\/svg\" viewBox=\"0 0 1000 100\" preserveAspectRatio=\"none\">\n\t<path class=\"elementor-shape-fill\" d=\"M421.9,6.5c22.6-2.5,51.5,0.4,75.5,5.3c23.6,4.9,70.9,23.5,100.5,35.7c75.8,32.2,133.7,44.5,192.6,49.7\n\tc23.6,2.1,48.7,3.5,103.4-2.5c54.7-6,106.2-25.6,106.2-25.6V0H0v30.3c0,0,72,32.6,158.4,30.5c39.2-0.7,92.8-6.7,134-22.4\n\tc21.2-8.1,52.2-18.2,79.7-24.2C399.3,7.9,411.6,7.5,421.9,6.5z\"\/>\n<\/svg>\t\t<\/div>\n\t\t\t\t\t<div class=\"elementor-container elementor-column-gap-default\">\n\t\t\t\t\t<div class=\"elementor-column elementor-col-100 elementor-top-column elementor-element elementor-element-407cfff2 flex-column-reverse flex-sm-row\" data-id=\"407cfff2\" data-element_type=\"column\">\n\t\t\t<div class=\"elementor-widget-wrap elementor-element-populated\">\n\t\t\t\t\t\t<div class=\"elementor-element elementor-element-10903fbd elementor-widget elementor-widget-pix-highlighted-text\" data-id=\"10903fbd\" data-element_type=\"widget\" data-widget_type=\"pix-highlighted-text.default\">\n\t\t\t\t<div class=\"elementor-widget-container\">\n\t\t\t\t\t<div id=\"el-10903fbd\" class=\"pix-highlighted-element text-left \"><h3 class=\"pix-highlighted-items \" style=\"\" data-anim-type=\"\" data-anim-delay=\"\"><span id=\"el-10903fbd-0\"  class=\" elementor-repeater-item-df22101\"><span   class=\"pix-highlighted-text  pix-highlight-item font-weight-normal  heading-font text-heading-default\">Adapt\u00e9 aux besoins et aux objectifs sur mesure de votre famille.<\/span><\/span><\/h3><\/div>\t\t\t\t<\/div>\n\t\t\t\t<\/div>\n\t\t\t\t<div class=\"elementor-element elementor-element-73551c7 elementor-widget elementor-widget-text-editor\" data-id=\"73551c7\" data-element_type=\"widget\" data-widget_type=\"text-editor.default\">\n\t\t\t\t<div class=\"elementor-widget-container\">\n\t\t\t\t\t\t\t\t\t<p>Les services multifamiliaux de Harbourfront sont personnalis\u00e9s et con\u00e7us pour les personnes et les familles qui ont une valeur nette ultra-\u00e9lev\u00e9e et qui ont besoin d\u2019une approche multidisciplinaire de l\u2019administration du patrimoine familial.<\/p><p>Les services multifamiliaux de Harbourfront sont compos\u00e9es d&rsquo;experts internes et externes dans toutes les disciplines, travaillant en collaboration pour fournir des solutions aux besoins familiaux complexes.<\/p>\t\t\t\t\t\t\t\t<\/div>\n\t\t\t\t<\/div>\n\t\t\t\t<div class=\"elementor-element elementor-element-5192ca3 elementor-widget elementor-widget-pix-highlighted-text\" data-id=\"5192ca3\" data-element_type=\"widget\" data-widget_type=\"pix-highlighted-text.default\">\n\t\t\t\t<div class=\"elementor-widget-container\">\n\t\t\t\t\t<div id=\"el-5192ca3\" class=\"pix-highlighted-element text-left \"><h3 class=\"pix-highlighted-items \" style=\"\" data-anim-type=\"\" data-anim-delay=\"\"><span id=\"el-5192ca3-0\"  class=\" elementor-repeater-item-df22101\"><span   class=\"pix-highlighted-text  pix-highlight-item font-weight-normal  heading-font text-heading-default\">Qui devrait envisager les services de bureaux multifamiliaux de Harbourfront?  <\/span><\/span><\/h3><\/div>\t\t\t\t<\/div>\n\t\t\t\t<\/div>\n\t\t\t\t<div class=\"elementor-element elementor-element-36920e2 elementor-widget__width-inherit elementor-widget elementor-widget-text-editor\" data-id=\"36920e2\" data-element_type=\"widget\" data-widget_type=\"text-editor.default\">\n\t\t\t\t<div class=\"elementor-widget-container\">\n\t\t\t\t\t\t\t\t\t<ul>\n<li>Vendre ou r\u00e9cemment vendu votre entreprise.<\/li>\n<li>Augmentation significative de la valeur nette ou de l\u2019\u00e9v\u00e9nement de liquidit\u00e9.<\/li>\n<li>Naviguer dans des situations familiales uniques ou complexes.<\/li>\n<li>Exiger une planification transfrontali\u00e8re de la richesse.<\/li>\n<li>Vous cherchez \u00e0 extraire du capital de votre soci\u00e9t\u00e9 pendant la retraite.<\/li>\n<li>Besoin d\u2019une p\u00e9r\u00e9quation successorale ou d\u2019une planification d\u2019entreprise.<\/li>\n<li>Participer activement \u00e0 des initiatives philanthropiques ou s\u2019int\u00e9resser aux dons de bienfaisance.<\/li>\n<\/ul>\n\t\t\t\t\t\t\t\t<\/div>\n\t\t\t\t<\/div>\n\t\t\t\t<div class=\"elementor-element elementor-element-09b47b7 elementor-widget elementor-widget-text-editor\" data-id=\"09b47b7\" data-element_type=\"widget\" data-widget_type=\"text-editor.default\">\n\t\t\t\t<div class=\"elementor-widget-container\">\n\t\t\t\t\t\t\t\t\t<p>Id\u00e9al pour les particuliers, les propri\u00e9taires d\u2019entreprise et les familles qui ont besoin d\u2019une expertise personnalis\u00e9e dans un large \u00e9ventail de disciplines de la gestion de patrimoine, Harbourfront offre:<\/p>\n\t\t\t\t\t\t\t\t<\/div>\n\t\t\t\t<\/div>\n\t\t\t\t<div class=\"elementor-element elementor-element-11b1e79 elementor-widget__width-inherit elementor-widget elementor-widget-text-editor\" data-id=\"11b1e79\" data-element_type=\"widget\" data-widget_type=\"text-editor.default\">\n\t\t\t\t<div class=\"elementor-widget-container\">\n\t\t\t\t\t\t\t\t\t<ul>\n<li>Gestion de patrimoine<\/li>\n<li>Planification des successions et des legs<\/li>\n<li>Comptabilit\u00e9 et planification fiscale<\/li>\n<li>Strat\u00e9gies de gestion des risques<\/li>\n<li>Philanthropie et dons de bienfaisance<\/li>\n<li>Analyse et strat\u00e9gies d\u2019assurance<\/li>\n<li>Conseils et coaching d\u2019affaires<\/li>\n<li>Planification de la rel\u00e8ve d\u2019entreprise<\/li>\n<li>Services aux fiducies et aux b\u00e9n\u00e9ficiaires<\/li>\n<li>Strat\u00e9gie et gouvernance en mati\u00e8re de famille<\/li>\n<li>Communication familiale et \u00e9tablissement d\u2019objectifs<\/li>\n<li>\u00c9ducation financi\u00e8re des familles<\/li>\n<li>Transferts de richesse et de propri\u00e9t\u00e9<\/li>\n<li>Conciergerie et gestion du mode de vie<\/li>\n<\/ul>\n\t\t\t\t\t\t\t\t<\/div>\n\t\t\t\t<\/div>\n\t\t\t\t<div class=\"elementor-element elementor-element-50f10cc elementor-widget elementor-widget-text-editor\" data-id=\"50f10cc\" data-element_type=\"widget\" data-widget_type=\"text-editor.default\">\n\t\t\t\t<div class=\"elementor-widget-container\">\n\t\t\t\t\t\t\t\t\t<p>Nous croyons que les objectifs de chaque individu sont uniques et ne peuvent pas \u00eatre class\u00e9s par une s\u00e9rie de questions standards. Nous serions heureux de discuter de la mani\u00e8re dont nos services peuvent r\u00e9pondre \u00e0 vos besoins uniques en mati\u00e8re de patrimoine familial et d\u2019h\u00e9ritage.<\/p>\t\t\t\t\t\t\t\t<\/div>\n\t\t\t\t<\/div>\n\t\t\t\t\t<\/div>\n\t\t<\/div>\n\t\t\t\t\t<\/div>\n\t\t<\/section>\n\t\t\t\t<section class=\"elementor-section elementor-top-section elementor-element elementor-element-2f1e561 elementor-section-stretched elementor-section-boxed elementor-section-height-default elementor-section-height-default\" data-id=\"2f1e561\" data-element_type=\"section\" data-settings=\"{&quot;stretch_section&quot;:&quot;section-stretched&quot;,&quot;background_background&quot;:&quot;classic&quot;}\">\n\t\t\t\t\t\t\t<div class=\"elementor-background-overlay\"><\/div>\n\t\t\t\t\t\t\t<div class=\"elementor-container elementor-column-gap-default\">\n\t\t\t\t\t<div class=\"elementor-column elementor-col-100 elementor-top-column elementor-element elementor-element-a5f66f7\" data-id=\"a5f66f7\" data-element_type=\"column\">\n\t\t\t<div class=\"elementor-widget-wrap elementor-element-populated\">\n\t\t\t\t\t\t<div class=\"elementor-element elementor-element-3e6b2b6 elementor-widget elementor-widget-pix-sliding-text\" data-id=\"3e6b2b6\" data-element_type=\"widget\" data-widget_type=\"pix-sliding-text.default\">\n\t\t\t\t<div class=\"elementor-widget-container\">\n\t\t\t\t\t<div id=\"el-3e6b2b6\" class=\"mb-3 text-center \"><h3 class=\"mb-32 pix-sliding-headline-2 animate-in secondary-font \" data-anim-type=\"pix-sliding-text\" pix-anim-delay=\"500\" data-class=\"secondary-font text-white\" style=\"\"><span class=\"slide-in-container \"><span class=\"pix-sliding-item secondary-font text-white\" style=\"transition-delay: 0ms;\">Communiquez&#32;<\/span><\/span> <span class=\"slide-in-container \"><span class=\"pix-sliding-item secondary-font text-white\" style=\"transition-delay: 150ms;\">avec&#32;<\/span><\/span> <span class=\"slide-in-container \"><span class=\"pix-sliding-item secondary-font text-white\" style=\"transition-delay: 300ms;\">votre&#32;<\/span><\/span> <span class=\"slide-in-container \"><span class=\"pix-sliding-item secondary-font text-white\" style=\"transition-delay: 450ms;\">conseiller&#32;<\/span><\/span> <span class=\"slide-in-container \"><span class=\"pix-sliding-item secondary-font text-white\" style=\"transition-delay: 600ms;\">en&#32;<\/span><\/span> <span class=\"slide-in-container \"><span class=\"pix-sliding-item secondary-font text-white\" style=\"transition-delay: 750ms;\">gestion&#32;<\/span><\/span> <span class=\"slide-in-container \"><span class=\"pix-sliding-item secondary-font text-white\" style=\"transition-delay: 900ms;\">de&#32;<\/span><\/span> <span class=\"slide-in-container \"><span class=\"pix-sliding-item secondary-font text-white\" style=\"transition-delay: 1050ms;\">patrimoine&#32;<\/span><\/span> <span class=\"slide-in-container \"><span class=\"pix-sliding-item secondary-font text-white\" style=\"transition-delay: 1200ms;\">Harbourfront&#32;<\/span><\/span> <span class=\"slide-in-container \"><span class=\"pix-sliding-item secondary-font text-white\" style=\"transition-delay: 1350ms;\">pour&#32;<\/span><\/span> <span class=\"slide-in-container \"><span class=\"pix-sliding-item secondary-font text-white\" style=\"transition-delay: 1500ms;\">obtenir&#32;<\/span><\/span> <span class=\"slide-in-container \"><span class=\"pix-sliding-item secondary-font text-white\" style=\"transition-delay: 1650ms;\">de&#32;<\/span><\/span> <span class=\"slide-in-container \"><span class=\"pix-sliding-item secondary-font text-white\" style=\"transition-delay: 1800ms;\">plus&#32;<\/span><\/span> <span class=\"slide-in-container \"><span class=\"pix-sliding-item secondary-font text-white\" style=\"transition-delay: 1950ms;\">amples&#32;<\/span><\/span> <span class=\"slide-in-container \"><span class=\"pix-sliding-item secondary-font text-white\" style=\"transition-delay: 2100ms;\">renseignements.&#32;<\/span><\/span> <\/h3><\/div>\t\t\t\t<\/div>\n\t\t\t\t<\/div>\n\t\t\t\t<div class=\"elementor-element elementor-element-8e4bb35 elementor-align-center elementor-widget elementor-widget-button\" data-id=\"8e4bb35\" data-element_type=\"widget\" data-widget_type=\"button.default\">\n\t\t\t\t<div class=\"elementor-widget-container\">\n\t\t\t\t\t\t\t\t\t<div class=\"elementor-button-wrapper\">\n\t\t\t\t\t<a class=\"elementor-button elementor-button-link elementor-size-md\" href=\"https:\/\/www.harbourfrontwealth.com\/find-your-advisor\/\">\n\t\t\t\t\t\t<span class=\"elementor-button-content-wrapper\">\n\t\t\t\t\t\t\t\t\t<span class=\"elementor-button-text\">Trouvez votre conseiller<\/span>\n\t\t\t\t\t<\/span>\n\t\t\t\t\t<\/a>\n\t\t\t\t<\/div>\n\t\t\t\t\t\t\t\t<\/div>\n\t\t\t\t<\/div>\n\t\t\t\t\t<\/div>\n\t\t<\/div>\n\t\t\t\t\t<\/div>\n\t\t<\/section>\n\t\t\t\t<\/div>\n\t\t","protected":false},"excerpt":{"rendered":"<p>DES SOLUTIONS INT\u00c9GR\u00c9ES POUR NOS FAMILLES LES PLUS PROSP\u00c8RES Bureau&#32; multifamiliale&#32; Adapt\u00e9 aux besoins et aux objectifs sur mesure de votre famille. Les services multifamiliaux de Harbourfront sont personnalis\u00e9s et con\u00e7us pour les personnes et les familles qui ont une&#8230;<\/p>\n","protected":false},"author":2,"featured_media":0,"parent":0,"menu_order":0,"comment_status":"closed","ping_status":"closed","template":"","meta":{"footnotes":""},"class_list":["post-31038","page","type-page","status-publish","hentry"],"yoast_head":"<!-- This site is optimized with the Yoast SEO plugin v26.5 - https:\/\/yoast.com\/wordpress\/plugins\/seo\/ -->\n<title>Bureau multifamiliale - Harbourfront Wealth Management<\/title>\n<meta name=\"robots\" content=\"index, follow, max-snippet:-1, max-image-preview:large, max-video-preview:-1\" \/>\n<link rel=\"canonical\" href=\"https:\/\/www.harbourfrontwealth.com\/fr-ca\/bureau-multifamiliale\/\" \/>\n<meta property=\"og:locale\" content=\"fr_CA\" \/>\n<meta property=\"og:type\" content=\"article\" \/>\n<meta property=\"og:title\" content=\"Bureau multifamiliale - Harbourfront Wealth Management\" \/>\n<meta property=\"og:description\" content=\"DES SOLUTIONS INT\u00c9GR\u00c9ES POUR NOS FAMILLES LES PLUS PROSP\u00c8RES Bureau&#032; multifamiliale&#032; Adapt\u00e9 aux besoins et aux objectifs sur mesure de votre famille. Les services multifamiliaux de Harbourfront sont personnalis\u00e9s et con\u00e7us pour les personnes et les familles qui ont une...\" \/>\n<meta property=\"og:url\" content=\"https:\/\/www.harbourfrontwealth.com\/fr-ca\/bureau-multifamiliale\/\" \/>\n<meta property=\"og:site_name\" content=\"Harbourfront Wealth Management\" \/>\n<meta property=\"article:modified_time\" content=\"2023-10-23T23:26:41+00:00\" \/>\n<meta name=\"twitter:card\" content=\"summary_large_image\" \/>\n<meta name=\"twitter:label1\" content=\"Estimation du temps de lecture\" \/>\n\t<meta name=\"twitter:data1\" content=\"2 minutes\" \/>\n<script type=\"application\/ld+json\" class=\"yoast-schema-graph\">{\"@context\":\"https:\/\/schema.org\",\"@graph\":[{\"@type\":\"WebPage\",\"@id\":\"https:\/\/www.harbourfrontwealth.com\/fr-ca\/bureau-multifamiliale\/\",\"url\":\"https:\/\/www.harbourfrontwealth.com\/fr-ca\/bureau-multifamiliale\/\",\"name\":\"Bureau multifamiliale - Harbourfront Wealth Management\",\"isPartOf\":{\"@id\":\"https:\/\/www.harbourfrontwealth.com\/fr-ca\/#website\"},\"datePublished\":\"2023-09-08T19:40:24+00:00\",\"dateModified\":\"2023-10-23T23:26:41+00:00\",\"breadcrumb\":{\"@id\":\"https:\/\/www.harbourfrontwealth.com\/fr-ca\/bureau-multifamiliale\/#breadcrumb\"},\"inLanguage\":\"fr-CA\",\"potentialAction\":[{\"@type\":\"ReadAction\",\"target\":[\"https:\/\/www.harbourfrontwealth.com\/fr-ca\/bureau-multifamiliale\/\"]}]},{\"@type\":\"BreadcrumbList\",\"@id\":\"https:\/\/www.harbourfrontwealth.com\/fr-ca\/bureau-multifamiliale\/#breadcrumb\",\"itemListElement\":[{\"@type\":\"ListItem\",\"position\":1,\"name\":\"Accueil\",\"item\":\"https:\/\/www.harbourfrontwealth.com\/fr-ca\/\"},{\"@type\":\"ListItem\",\"position\":2,\"name\":\"Bureau multifamiliale\"}]},{\"@type\":\"WebSite\",\"@id\":\"https:\/\/www.harbourfrontwealth.com\/fr-ca\/#website\",\"url\":\"https:\/\/www.harbourfrontwealth.com\/fr-ca\/\",\"name\":\"Harbourfront Wealth Management\",\"description\":\"Complexit\u00e9 simplifi\u00e9e\",\"publisher\":{\"@id\":\"https:\/\/www.harbourfrontwealth.com\/fr-ca\/#organization\"},\"potentialAction\":[{\"@type\":\"SearchAction\",\"target\":{\"@type\":\"EntryPoint\",\"urlTemplate\":\"https:\/\/www.harbourfrontwealth.com\/fr-ca\/?s={search_term_string}\"},\"query-input\":{\"@type\":\"PropertyValueSpecification\",\"valueRequired\":true,\"valueName\":\"search_term_string\"}}],\"inLanguage\":\"fr-CA\"},{\"@type\":\"Organization\",\"@id\":\"https:\/\/www.harbourfrontwealth.com\/fr-ca\/#organization\",\"name\":\"Harbourfront Wealth Management\",\"url\":\"https:\/\/www.harbourfrontwealth.com\/fr-ca\/\",\"logo\":{\"@type\":\"ImageObject\",\"inLanguage\":\"fr-CA\",\"@id\":\"https:\/\/www.harbourfrontwealth.com\/fr-ca\/#\/schema\/logo\/image\/\",\"url\":\"https:\/\/www.harbourfrontwealth.com\/wp-content\/uploads\/2021\/04\/5-Star-Brokerage-5.png\",\"contentUrl\":\"https:\/\/www.harbourfrontwealth.com\/wp-content\/uploads\/2021\/04\/5-Star-Brokerage-5.png\",\"width\":69,\"height\":76,\"caption\":\"Harbourfront Wealth Management\"},\"image\":{\"@id\":\"https:\/\/www.harbourfrontwealth.com\/fr-ca\/#\/schema\/logo\/image\/\"}}]}<\/script>\n<!-- \/ Yoast SEO plugin. -->","yoast_head_json":{"title":"Bureau multifamiliale - Harbourfront Wealth Management","robots":{"index":"index","follow":"follow","max-snippet":"max-snippet:-1","max-image-preview":"max-image-preview:large","max-video-preview":"max-video-preview:-1"},"canonical":"https:\/\/www.harbourfrontwealth.com\/fr-ca\/bureau-multifamiliale\/","og_locale":"fr_CA","og_type":"article","og_title":"Bureau multifamiliale - Harbourfront Wealth Management","og_description":"DES SOLUTIONS INT\u00c9GR\u00c9ES POUR NOS FAMILLES LES PLUS PROSP\u00c8RES Bureau&#32; multifamiliale&#32; Adapt\u00e9 aux besoins et aux objectifs sur mesure de votre famille. Les services multifamiliaux de Harbourfront sont personnalis\u00e9s et con\u00e7us pour les personnes et les familles qui ont une...","og_url":"https:\/\/www.harbourfrontwealth.com\/fr-ca\/bureau-multifamiliale\/","og_site_name":"Harbourfront Wealth Management","article_modified_time":"2023-10-23T23:26:41+00:00","twitter_card":"summary_large_image","twitter_misc":{"Estimation du temps de lecture":"2 minutes"},"schema":{"@context":"https:\/\/schema.org","@graph":[{"@type":"WebPage","@id":"https:\/\/www.harbourfrontwealth.com\/fr-ca\/bureau-multifamiliale\/","url":"https:\/\/www.harbourfrontwealth.com\/fr-ca\/bureau-multifamiliale\/","name":"Bureau multifamiliale - Harbourfront Wealth Management","isPartOf":{"@id":"https:\/\/www.harbourfrontwealth.com\/fr-ca\/#website"},"datePublished":"2023-09-08T19:40:24+00:00","dateModified":"2023-10-23T23:26:41+00:00","breadcrumb":{"@id":"https:\/\/www.harbourfrontwealth.com\/fr-ca\/bureau-multifamiliale\/#breadcrumb"},"inLanguage":"fr-CA","potentialAction":[{"@type":"ReadAction","target":["https:\/\/www.harbourfrontwealth.com\/fr-ca\/bureau-multifamiliale\/"]}]},{"@type":"BreadcrumbList","@id":"https:\/\/www.harbourfrontwealth.com\/fr-ca\/bureau-multifamiliale\/#breadcrumb","itemListElement":[{"@type":"ListItem","position":1,"name":"Accueil","item":"https:\/\/www.harbourfrontwealth.com\/fr-ca\/"},{"@type":"ListItem","position":2,"name":"Bureau multifamiliale"}]},{"@type":"WebSite","@id":"https:\/\/www.harbourfrontwealth.com\/fr-ca\/#website","url":"https:\/\/www.harbourfrontwealth.com\/fr-ca\/","name":"Harbourfront Wealth Management","description":"Complexit\u00e9 simplifi\u00e9e","publisher":{"@id":"https:\/\/www.harbourfrontwealth.com\/fr-ca\/#organization"},"potentialAction":[{"@type":"SearchAction","target":{"@type":"EntryPoint","urlTemplate":"https:\/\/www.harbourfrontwealth.com\/fr-ca\/?s={search_term_string}"},"query-input":{"@type":"PropertyValueSpecification","valueRequired":true,"valueName":"search_term_string"}}],"inLanguage":"fr-CA"},{"@type":"Organization","@id":"https:\/\/www.harbourfrontwealth.com\/fr-ca\/#organization","name":"Harbourfront Wealth Management","url":"https:\/\/www.harbourfrontwealth.com\/fr-ca\/","logo":{"@type":"ImageObject","inLanguage":"fr-CA","@id":"https:\/\/www.harbourfrontwealth.com\/fr-ca\/#\/schema\/logo\/image\/","url":"https:\/\/www.harbourfrontwealth.com\/wp-content\/uploads\/2021\/04\/5-Star-Brokerage-5.png","contentUrl":"https:\/\/www.harbourfrontwealth.com\/wp-content\/uploads\/2021\/04\/5-Star-Brokerage-5.png","width":69,"height":76,"caption":"Harbourfront Wealth Management"},"image":{"@id":"https:\/\/www.harbourfrontwealth.com\/fr-ca\/#\/schema\/logo\/image\/"}}]}},"_links":{"self":[{"href":"https:\/\/www.harbourfrontwealth.com\/fr-ca\/wp-json\/wp\/v2\/pages\/31038","targetHints":{"allow":["GET"]}}],"collection":[{"href":"https:\/\/www.harbourfrontwealth.com\/fr-ca\/wp-json\/wp\/v2\/pages"}],"about":[{"href":"https:\/\/www.harbourfrontwealth.com\/fr-ca\/wp-json\/wp\/v2\/types\/page"}],"author":[{"embeddable":true,"href":"https:\/\/www.harbourfrontwealth.com\/fr-ca\/wp-json\/wp\/v2\/users\/2"}],"replies":[{"embeddable":true,"href":"https:\/\/www.harbourfrontwealth.com\/fr-ca\/wp-json\/wp\/v2\/comments?post=31038"}],"version-history":[{"count":0,"href":"https:\/\/www.harbourfrontwealth.com\/fr-ca\/wp-json\/wp\/v2\/pages\/31038\/revisions"}],"wp:attachment":[{"href":"https:\/\/www.harbourfrontwealth.com\/fr-ca\/wp-json\/wp\/v2\/media?parent=31038"}],"curies":[{"name":"wp","href":"https:\/\/api.w.org\/{rel}","templated":true}]}}